{"id":1339,"date":"2024-04-17T18:12:46","date_gmt":"2024-04-17T16:12:46","guid":{"rendered":"https:\/\/parafia-suchowola.pl\/?page_id=1339"},"modified":"2025-03-28T08:14:09","modified_gmt":"2025-03-28T08:14:09","slug":"ogloszenie-nr-6","status":"publish","type":"page","link":"https:\/\/parafia-suchowola.pl\/index.php\/ogloszenie-nr-6\/","title":{"rendered":"Og\u0142oszenie nr 6"},"content":{"rendered":"\n<p>Suchowola, 17.04.2024 r.<\/p>\n\n\n\n<p>Parafia Rzymskokatolicka pw. Naj\u015bwi\u0119tszego Serca Pana Jezusa<br>21-310 Wohy\u0144, Suchowola 27<\/p>\n\n\n\n<p>og\u0142asza post\u0119powanie na<\/p>\n\n\n\n<p>wykonanie dokumentacji technicznej (budowlanej) w zakresie termomodernizacji dw\u00f3ch budynk\u00f3w Parafii Rzymskokatolickiej pw. Naj\u015bwi\u0119tszego Serca Pana Jezusa z siedzib\u0105 w Suchowoli w ramach przedsi\u0119wzi\u0119cia pn: \u201eTermomodernizacja ko\u015bcio\u0142a i domu parafialnego pw. Naj\u015bwi\u0119tszego Serca Pana Jezusa w Suchowoli\u201d<\/p>\n\n\n\n<p>Zam\u00f3wienie dotyczy Przedsi\u0119wzi\u0119cia pn.: \u201eTermomodernizacja ko\u015bcio\u0142a i domu parafialnego pw. Naj\u015bwi\u0119tszego Serca Pana Jezusa w Suchowoli\u201d realizowanego przy wsparciu finansowym Narodowego Funduszu Ochrony \u015arodowiska i Gospodarki Wodnej w Warszawie, program priorytetowy nr 3.4.1 \u201eBudownictwo Energooszcz\u0119dne Cz\u0119\u015b\u0107 1) Zmniejszenie zu\u017cycia energii w budownictwie\u201d.<\/p>\n\n\n\n<p>Szczeg\u00f3\u0142owy opis przedmiotu zam\u00f3wienia oraz warunki zam\u00f3wienia zawarte s\u0105 w&nbsp;Zapytaniu Ofertowym dost\u0119pnym pod adresem: parafia-suchowola.pl.<\/p>\n\n\n\n<p>Termin realizacji: 31.10.2024 r.<\/p>\n\n\n\n<p>Termin sk\u0142adania ofert up\u0142ywa dnia 25.04.2024 r. o godz. 15:00.<\/p>\n\n\n\n<p>Spos\u00f3b sk\u0142adania ofert:<\/p>\n\n\n\n<ul class=\"wp-block-list\">\n<li>elektronicznie, na adres e-mail: cbs.biuro@wp.pl, lub<\/li>\n\n\n\n<li>pisemnie (osobi\u015bcie, za po\u015brednictwem pos\u0142a\u0144ca lub operatora pocztowego w&nbsp;rozumieniu ustawy z dnia 23 listopada 2012r. &#8211; Prawo pocztowe) na adres: Parafia Rzymskokatolicka pw. Naj\u015bwi\u0119tszego Serca Pana Jezusa &#8211; 21-310 Wohy\u0144, Suchowola 27, kancelaria.<\/li>\n<\/ul>\n\n\n\n<div class=\"wp-block-file\"><a id=\"wp-block-file--media-105e0e9f-5ba5-4bd9-a74e-ece1a4871b25\" href=\"https:\/\/parafia-suchowola.pl\/wp-content\/uploads\/2025\/03\/Zal-1-Formularz-ofertowy.docx\">Zal-1-Formularz-ofertowy<\/a><a href=\"https:\/\/parafia-suchowola.pl\/wp-content\/uploads\/2025\/03\/Zal-1-Formularz-ofertowy.docx\" class=\"wp-block-file__button wp-element-button\" download aria-describedby=\"wp-block-file--media-105e0e9f-5ba5-4bd9-a74e-ece1a4871b25\">Pobierz<\/a><\/div>\n\n\n\n<div class=\"wp-block-file\"><a id=\"wp-block-file--media-8b91355d-0719-40e6-8757-94e41d70013c\" href=\"https:\/\/parafia-suchowola.pl\/wp-content\/uploads\/2025\/03\/Zal-2A-Wzor-Oswiadczen-wykonawcy.docx\">Zal-2A-Wzor-Oswiadczen-wykonawcy<\/a><a href=\"https:\/\/parafia-suchowola.pl\/wp-content\/uploads\/2025\/03\/Zal-2A-Wzor-Oswiadczen-wykonawcy.docx\" class=\"wp-block-file__button wp-element-button\" download aria-describedby=\"wp-block-file--media-8b91355d-0719-40e6-8757-94e41d70013c\">Pobierz<\/a><\/div>\n\n\n\n<div class=\"wp-block-file\"><a id=\"wp-block-file--media-e9bb6f1d-2a2e-4dc5-8118-9cb138411554\" href=\"https:\/\/parafia-suchowola.pl\/wp-content\/uploads\/2025\/03\/Zal-2B-Wzor-Oswiadczen-podmiotu-udostepniajacego-zasoby.docx\">Zal-2B-Wzor-Oswiadczen-podmiotu-udostepniajacego-zasoby<\/a><a href=\"https:\/\/parafia-suchowola.pl\/wp-content\/uploads\/2025\/03\/Zal-2B-Wzor-Oswiadczen-podmiotu-udostepniajacego-zasoby.docx\" class=\"wp-block-file__button wp-element-button\" download aria-describedby=\"wp-block-file--media-e9bb6f1d-2a2e-4dc5-8118-9cb138411554\">Pobierz<\/a><\/div>\n\n\n\n<div class=\"wp-block-file\"><a id=\"wp-block-file--media-fff8425e-62a3-4fa5-8f14-566ecdf78dcc\" href=\"https:\/\/parafia-suchowola.pl\/wp-content\/uploads\/2025\/03\/Zal-3-Wzor-Oswiadczenia-wykonawcow-wspolnie-ubiegajacych-sie-o-udzielenie-zamowienia.docx\">Zal-3-Wzor-Oswiadczenia-wykonawcow-wspolnie-ubiegajacych-sie-o-udzielenie-zamowienia<\/a><a href=\"https:\/\/parafia-suchowola.pl\/wp-content\/uploads\/2025\/03\/Zal-3-Wzor-Oswiadczenia-wykonawcow-wspolnie-ubiegajacych-sie-o-udzielenie-zamowienia.docx\" class=\"wp-block-file__button wp-element-button\" download aria-describedby=\"wp-block-file--media-fff8425e-62a3-4fa5-8f14-566ecdf78dcc\">Pobierz<\/a><\/div>\n\n\n\n<div class=\"wp-block-file\"><a id=\"wp-block-file--media-87140b7c-f0f7-4d4a-816c-4b5542a3070d\" href=\"https:\/\/parafia-suchowola.pl\/wp-content\/uploads\/2025\/03\/Zal-4-Wzor-Wykazu-uslug.docx\">Zal-4-Wzor-Wykazu-uslug<\/a><a href=\"https:\/\/parafia-suchowola.pl\/wp-content\/uploads\/2025\/03\/Zal-4-Wzor-Wykazu-uslug.docx\" class=\"wp-block-file__button wp-element-button\" download aria-describedby=\"wp-block-file--media-87140b7c-f0f7-4d4a-816c-4b5542a3070d\">Pobierz<\/a><\/div>\n\n\n\n<div class=\"wp-block-file\"><a id=\"wp-block-file--media-1d551c61-8a6e-422b-8334-efcb2dd1718f\" href=\"https:\/\/parafia-suchowola.pl\/wp-content\/uploads\/2025\/03\/Zal-5-Wzor-umowy.docx\">Zal-5-Wzor-umowy<\/a><a href=\"https:\/\/parafia-suchowola.pl\/wp-content\/uploads\/2025\/03\/Zal-5-Wzor-umowy.docx\" class=\"wp-block-file__button wp-element-button\" download aria-describedby=\"wp-block-file--media-1d551c61-8a6e-422b-8334-efcb2dd1718f\">Pobierz<\/a><\/div>\n\n\n\n<div class=\"wp-block-file\"><a id=\"wp-block-file--media-22b68363-cf49-4f9b-b399-1f8f8fe1d7a2\" href=\"https:\/\/parafia-suchowola.pl\/wp-content\/uploads\/2025\/03\/Zapytanie-ofertowe.docx\">Zapytanie-ofertowe<\/a><a href=\"https:\/\/parafia-suchowola.pl\/wp-content\/uploads\/2025\/03\/Zapytanie-ofertowe.docx\" class=\"wp-block-file__button wp-element-button\" download aria-describedby=\"wp-block-file--media-22b68363-cf49-4f9b-b399-1f8f8fe1d7a2\">Pobierz<\/a><\/div>\n\n\n\n<hr class=\"wp-block-separator has-alpha-channel-opacity\"\/>\n\n\n\n<p>Suchowola, 25.04.2024 r.<\/p>\n\n\n\n<p><strong>INFORMACJA O WYNIKU POST\u0118POWANIA<\/strong><\/p>\n\n\n\n<p><a><\/a> <strong>DOTYCZY: post\u0119powania na wykonanie dokumentacji technicznej (budowlanej) w zakresie termomodernizacji dw\u00f3ch budynk\u00f3w Parafii Rzymskokatolickiej pw. Naj\u015bwi\u0119tszego Serca Pana Jezusa z siedzib\u0105 w Suchowoli w ramach przedsi\u0119wzi\u0119cia pn: \u201eTermomodernizacja ko\u015bcio\u0142a i domu parafialnego pw. Naj\u015bwi\u0119tszego Serca Pana Jezusa w Suchowoli\u201d.<\/strong><\/p>\n\n\n\n<p>Parafia Rzymskokatolicka pw. Naj\u015bwi\u0119tszego Serca Pana Jezusa &#8211; 21-310 Wohy\u0144, Suchowola 27 informuje, \u017ce post\u0119powanie zosta\u0142o uniewa\u017cnione na podstawie pkt 11.4.2 Zapytania ofertowego &#8211; nie z\u0142o\u017cono \u017cadnej oferty.<\/p>\n","protected":false},"excerpt":{"rendered":"<p>Suchowola, 17.04.2024 r. Parafia Rzymskokatolicka pw. Naj\u015bwi\u0119tszego Serca Pana Jezusa21-310 Wohy\u0144, Suchowola 27 og\u0142asza post\u0119powanie na wykonanie dokumentacji technicznej (budowlanej) w zakresie termomodernizacji dw\u00f3ch budynk\u00f3w Parafii Rzymskokatolickiej pw. Naj\u015bwi\u0119tszego Serca Pana Jezusa z siedzib\u0105 w Suchowoli w ramach przedsi\u0119wzi\u0119cia pn: &hellip; <a href=\"https:\/\/parafia-suchowola.pl\/index.php\/ogloszenie-nr-6\/\">Czytaj dalej <span class=\"meta-nav\">&rarr;<\/span><\/a><\/p>\n","protected":false},"author":2,"featured_media":0,"parent":0,"menu_order":0,"comment_status":"closed","ping_status":"closed","template":"","meta":{"footnotes":""},"class_list":["post-1339","page","type-page","status-publish","hentry"],"_links":{"self":[{"href":"https:\/\/parafia-suchowola.pl\/index.php\/wp-json\/wp\/v2\/pages\/1339","targetHints":{"allow":["GET"]}}],"collection":[{"href":"https:\/\/parafia-suchowola.pl\/index.php\/wp-json\/wp\/v2\/pages"}],"about":[{"href":"https:\/\/parafia-suchowola.pl\/index.php\/wp-json\/wp\/v2\/types\/page"}],"author":[{"embeddable":true,"href":"https:\/\/parafia-suchowola.pl\/index.php\/wp-json\/wp\/v2\/users\/2"}],"replies":[{"embeddable":true,"href":"https:\/\/parafia-suchowola.pl\/index.php\/wp-json\/wp\/v2\/comments?post=1339"}],"version-history":[{"count":2,"href":"https:\/\/parafia-suchowola.pl\/index.php\/wp-json\/wp\/v2\/pages\/1339\/revisions"}],"predecessor-version":[{"id":1641,"href":"https:\/\/parafia-suchowola.pl\/index.php\/wp-json\/wp\/v2\/pages\/1339\/revisions\/1641"}],"wp:attachment":[{"href":"https:\/\/parafia-suchowola.pl\/index.php\/wp-json\/wp\/v2\/media?parent=1339"}],"curies":[{"name":"wp","href":"https:\/\/api.w.org\/{rel}","templated":true}]}}