{"id":1442,"date":"2024-07-26T12:18:40","date_gmt":"2024-07-26T10:18:40","guid":{"rendered":"https:\/\/parafia-suchowola.pl\/?page_id=1442"},"modified":"2025-03-28T08:30:07","modified_gmt":"2025-03-28T08:30:07","slug":"rpoz","status":"publish","type":"page","link":"https:\/\/parafia-suchowola.pl\/index.php\/rpoz\/","title":{"rendered":"RPOZ"},"content":{"rendered":"\n<p class=\"has-medium-font-size\"><strong>Rz\u0105dowy Program Odbudowy Zabytk\u00f3w<\/strong><\/p>\n\n\n\n<figure class=\"wp-block-image size-full\"><img loading=\"lazy\" decoding=\"async\" width=\"680\" height=\"126\" src=\"https:\/\/parafia-suchowola.pl\/wp-content\/uploads\/2025\/03\/PolskiLad.png\" alt=\"\" class=\"wp-image-1670\" srcset=\"https:\/\/parafia-suchowola.pl\/wp-content\/uploads\/2025\/03\/PolskiLad.png 680w, https:\/\/parafia-suchowola.pl\/wp-content\/uploads\/2025\/03\/PolskiLad-300x56.png 300w\" sizes=\"auto, (max-width: 680px) 100vw, 680px\" \/><\/figure>\n\n\n\n<p><strong>Zapytanie ofertowe<\/strong>.<\/p>\n\n\n\n<p>Post\u0119powanie dofinansowane ze \u015brodk\u00f3w Rz\u0105dowego Programu Odbudowy Zabytk\u00f3w<br>na zadanie pn. \u201eRemont, konserwacja i restauracja obiekt\u00f3w ko\u015bcielnych na terenie Gminy Wohy\u0144\u201d.<\/p>\n\n\n\n<p>Link do og\u0142oszenia umieszczonego na stronie BIP Urz\u0119du Gminy Wohy\u0144:<\/p>\n\n\n\n<p><a href=\"https:\/\/ugwohyn.bip.lubelskie.pl\/index.php?id=76&amp;p1=szczegoly&amp;p2=92944\">https:\/\/ugwohyn.bip.lubelskie.pl\/index.php?id=76&amp;p1=szczegoly&amp;p2=92944<\/a><\/p>\n\n\n\n<p><strong>Zapytanie ofertowe 3\/2024<\/strong>.<\/p>\n\n\n\n<p> Post\u0119powanie dofinansowane ze \u015brodk\u00f3w Rz\u0105dowego Programu Odbudowy Zabytk\u00f3w<br>na zadanie pn. \u201e<em><strong>Prace konserwatorskie w parafii pw. Naj\u015bwi\u0119tszego Serca Pana Jezusa w Suchowoli<\/strong><\/em><strong>\u201d<\/strong>.<\/p>\n\n\n\n<p>Link do og\u0142oszenia umieszczonego na stronie BIP Urz\u0119du Gminy Wohy\u0144:<\/p>\n\n\n\n<p><a href=\"https:\/\/ugwohyn.bip.lubelskie.pl\/index.php?id=76\">https:\/\/ugwohyn.bip.lubelskie.pl\/index.php?id=76<\/a><\/p>\n\n\n\n<p><strong>Zapytanie ofertowe 1\/2025<\/strong>.<\/p>\n\n\n\n<p>Parafia Naj\u015bwi\u0119tszego Serca Pana Jezusa w&nbsp;Suchowoli og\u0142asza post\u0119powanie na wykonanie prac konserwatorskich w ramach projektu pn. <strong>\u201e<\/strong><em><strong>Remont, konserwacja i restauracja obiekt\u00f3w ko\u015bcielnych na terenie Gminy Wohy\u0144<\/strong><\/em><strong>\u201d.<\/strong> Projekt jest dofinansowany ze \u015brodk\u00f3w Rz\u0105dowego Programu Odbudowy Zabytk\u00f3w. Zainteresowane firmy zapraszamy do zapoznania si\u0119 ze szczeg\u00f3\u0142ami zapytania ofertowego oraz wymaganiami dotycz\u0105cymi realizacji zadania. Szczeg\u00f3\u0142owe informacje i pe\u0142na dokumentacja dost\u0119pne s\u0105 w og\u0142oszeniu opublikowanym na stronie Biuletynu Informacji Publicznej Urz\u0119du Gminy Wohy\u0144 pod poni\u017cszym linkiem:<\/p>\n\n\n\n<p><a href=\"https:\/\/ugwohyn.bip.lubelskie.pl\/index.php?id=76&amp;p1=szczegoly&amp;p2=95376\">https:\/\/ugwohyn.bip.lubelskie.pl\/index.php?id=76&amp;p1=szczegoly&amp;p2=95376<\/a><\/p>\n\n\n\n<p><\/p>\n","protected":false},"excerpt":{"rendered":"<p>Rz\u0105dowy Program Odbudowy Zabytk\u00f3w Zapytanie ofertowe. Post\u0119powanie dofinansowane ze \u015brodk\u00f3w Rz\u0105dowego Programu Odbudowy Zabytk\u00f3wna zadanie pn. \u201eRemont, konserwacja i restauracja obiekt\u00f3w ko\u015bcielnych na terenie Gminy Wohy\u0144\u201d. Link do og\u0142oszenia umieszczonego na stronie BIP Urz\u0119du Gminy Wohy\u0144: https:\/\/ugwohyn.bip.lubelskie.pl\/index.php?id=76&amp;p1=szczegoly&amp;p2=92944 Zapytanie ofertowe 3\/2024. &hellip; <a href=\"https:\/\/parafia-suchowola.pl\/index.php\/rpoz\/\">Czytaj dalej <span class=\"meta-nav\">&rarr;<\/span><\/a><\/p>\n","protected":false},"author":2,"featured_media":0,"parent":0,"menu_order":0,"comment_status":"closed","ping_status":"closed","template":"","meta":{"footnotes":""},"class_list":["post-1442","page","type-page","status-publish","hentry"],"_links":{"self":[{"href":"https:\/\/parafia-suchowola.pl\/index.php\/wp-json\/wp\/v2\/pages\/1442","targetHints":{"allow":["GET"]}}],"collection":[{"href":"https:\/\/parafia-suchowola.pl\/index.php\/wp-json\/wp\/v2\/pages"}],"about":[{"href":"https:\/\/parafia-suchowola.pl\/index.php\/wp-json\/wp\/v2\/types\/page"}],"author":[{"embeddable":true,"href":"https:\/\/parafia-suchowola.pl\/index.php\/wp-json\/wp\/v2\/users\/2"}],"replies":[{"embeddable":true,"href":"https:\/\/parafia-suchowola.pl\/index.php\/wp-json\/wp\/v2\/comments?post=1442"}],"version-history":[{"count":2,"href":"https:\/\/parafia-suchowola.pl\/index.php\/wp-json\/wp\/v2\/pages\/1442\/revisions"}],"predecessor-version":[{"id":1671,"href":"https:\/\/parafia-suchowola.pl\/index.php\/wp-json\/wp\/v2\/pages\/1442\/revisions\/1671"}],"wp:attachment":[{"href":"https:\/\/parafia-suchowola.pl\/index.php\/wp-json\/wp\/v2\/media?parent=1442"}],"curies":[{"name":"wp","href":"https:\/\/api.w.org\/{rel}","templated":true}]}}