{"id":1468,"date":"2024-08-13T21:04:43","date_gmt":"2024-08-13T19:04:43","guid":{"rendered":"https:\/\/parafia-suchowola.pl\/?page_id=1468"},"modified":"2025-03-28T08:33:00","modified_gmt":"2025-03-28T08:33:00","slug":"standardy-ochrony-dzieci","status":"publish","type":"page","link":"https:\/\/parafia-suchowola.pl\/index.php\/standardy-ochrony-dzieci\/","title":{"rendered":"Standardy ochrony dzieci"},"content":{"rendered":"\n<p><strong>Standardy ochrony dzieci w duszpasterstwie parafialnym \u2013 Parafia Naj\u015bwi\u0119tszego Serca Pana Jezusa w Suchowoli<\/strong><\/p>\n\n\n\n<p>Niniejszy dokument stanowi realizacj\u0119 obowi\u0105zku prawnego dotycz\u0105cego wprowadzenia we wszelkich instytucjach, w kt\u00f3rych przebywaj\u0105 dzieci, standard\u00f3w ich ochrony przed krzywdzeniem [ustawa z dnia 28 lipca 2023 roku o zmianie ustawy Kodeks rodzinny i opieku\u0144czy oraz niekt\u00f3rych innych ustaw (Dz.U. 2023 poz. 1606)].<\/p>\n\n\n\n<div data-wp-interactive=\"core\/file\" class=\"wp-block-file\"><object data-wp-bind--hidden=\"!state.hasPdfPreview\" hidden class=\"wp-block-file__embed\" data=\"https:\/\/parafia-suchowola.pl\/wp-content\/uploads\/2025\/03\/Standardy-ochrony-dzieci-w-duszpasterstwie-parafialnym-\u2013-Parafia-Najswietszego-Serca-Pana-Jezusa-w-Suchowoli.pdf\" type=\"application\/pdf\" style=\"width:100%;height:600px\" aria-label=\"Osadzone z Standardy-ochrony-dzieci-w-duszpasterstwie-parafialnym-\u2013-Parafia-Najswietszego-Serca-Pana-Jezusa-w-Suchowoli.\"><\/object><a id=\"wp-block-file--media-bc0ea0bb-3b42-4793-9a1a-d672a77ec0f6\" href=\"https:\/\/parafia-suchowola.pl\/wp-content\/uploads\/2025\/03\/Standardy-ochrony-dzieci-w-duszpasterstwie-parafialnym-\u2013-Parafia-Najswietszego-Serca-Pana-Jezusa-w-Suchowoli.pdf\">Standardy-ochrony-dzieci-w-duszpasterstwie-parafialnym-\u2013-Parafia-Najswietszego-Serca-Pana-Jezusa-w-Suchowoli<\/a><\/div>\n\n\n\n<p><\/p>\n","protected":false},"excerpt":{"rendered":"<p>Standardy ochrony dzieci w duszpasterstwie parafialnym \u2013 Parafia Naj\u015bwi\u0119tszego Serca Pana Jezusa w Suchowoli Niniejszy dokument stanowi realizacj\u0119 obowi\u0105zku prawnego dotycz\u0105cego wprowadzenia we wszelkich instytucjach, w kt\u00f3rych przebywaj\u0105 dzieci, standard\u00f3w ich ochrony przed krzywdzeniem [ustawa z dnia 28 lipca 2023 &hellip; <a href=\"https:\/\/parafia-suchowola.pl\/index.php\/standardy-ochrony-dzieci\/\">Czytaj dalej <span class=\"meta-nav\">&rarr;<\/span><\/a><\/p>\n","protected":false},"author":2,"featured_media":0,"parent":0,"menu_order":0,"comment_status":"closed","ping_status":"closed","template":"","meta":{"footnotes":""},"class_list":["post-1468","page","type-page","status-publish","hentry"],"_links":{"self":[{"href":"https:\/\/parafia-suchowola.pl\/index.php\/wp-json\/wp\/v2\/pages\/1468","targetHints":{"allow":["GET"]}}],"collection":[{"href":"https:\/\/parafia-suchowola.pl\/index.php\/wp-json\/wp\/v2\/pages"}],"about":[{"href":"https:\/\/parafia-suchowola.pl\/index.php\/wp-json\/wp\/v2\/types\/page"}],"author":[{"embeddable":true,"href":"https:\/\/parafia-suchowola.pl\/index.php\/wp-json\/wp\/v2\/users\/2"}],"replies":[{"embeddable":true,"href":"https:\/\/parafia-suchowola.pl\/index.php\/wp-json\/wp\/v2\/comments?post=1468"}],"version-history":[{"count":2,"href":"https:\/\/parafia-suchowola.pl\/index.php\/wp-json\/wp\/v2\/pages\/1468\/revisions"}],"predecessor-version":[{"id":1675,"href":"https:\/\/parafia-suchowola.pl\/index.php\/wp-json\/wp\/v2\/pages\/1468\/revisions\/1675"}],"wp:attachment":[{"href":"https:\/\/parafia-suchowola.pl\/index.php\/wp-json\/wp\/v2\/media?parent=1468"}],"curies":[{"name":"wp","href":"https:\/\/api.w.org\/{rel}","templated":true}]}}