{"id":1808,"date":"2025-12-08T07:49:18","date_gmt":"2025-12-08T07:49:18","guid":{"rendered":"https:\/\/parafia-suchowola.pl\/?page_id=1808"},"modified":"2026-01-19T19:47:50","modified_gmt":"2026-01-19T19:47:50","slug":"ogloszenie-nr-10","status":"publish","type":"page","link":"https:\/\/parafia-suchowola.pl\/index.php\/ogloszenie-nr-10\/","title":{"rendered":"Og\u0142oszenie nr 10"},"content":{"rendered":"\n<p>Suchowola, 08.12.2025 r.<\/p>\n\n\n\n<p class=\"has-text-align-center\"><strong>Parafia Rzymskokatolicka pw. Naj\u015bwi\u0119tszego Serca Pana Jezusa<\/strong><br><br><strong>21-310 Wohy\u0144, Suchowola 27<\/strong><br><br>og\u0142asza post\u0119powanie na<br><br><strong>wykonanie termomodernizacji dw\u00f3ch budynk\u00f3w Parafii Rzymskokatolickiej pw. Naj\u015bwi\u0119tszego Serca Pana Jezusa z&nbsp;siedzib\u0105 w Suchowoli w ramach przedsi\u0119wzi\u0119cia pn: \u201eTermomodernizacja ko\u015bcio\u0142a i domu parafialnego pw. Naj\u015bwi\u0119tszego Serca Pana Jezusa w Suchowoli\u201d<\/strong>.<\/p>\n\n\n\n<p class=\"has-text-align-left\">Zam\u00f3wienie dotyczy Przedsi\u0119wzi\u0119cia pn.: \u201eTermomodernizacja ko\u015bcio\u0142a i domu parafialnego pw. Naj\u015bwi\u0119tszego Serca Pana Jezusa w Suchowoli\u201d, realizowanego przy wsparciu finansowym Narodowego Funduszu Ochrony \u015arodowiska i Gospodarki Wodnej w Warszawie, program priorytetowy nr 3.4.1 \u201eBudownictwo Energooszcz\u0119dne Cz\u0119\u015b\u0107 1) Zmniejszenie zu\u017cycia energii w budownictwie\u201d.<\/p>\n\n\n\n<p class=\"has-text-align-left\">Szczeg\u00f3\u0142owy opis przedmiotu zam\u00f3wienia oraz warunki zam\u00f3wienia zawarte s\u0105 w&nbsp;Zapytaniu Ofertowym dost\u0119pnym pod adresem: parafia-suchowola.pl.<\/p>\n\n\n\n<p class=\"has-text-align-left\">Termin realizacji: 25.09.2026 r.<\/p>\n\n\n\n<p class=\"has-text-align-left\">Termin sk\u0142adania ofert up\u0142ywa dnia 23.12.2025 r.<\/p>\n\n\n\n<p class=\"has-text-align-left\">Spos\u00f3b sk\u0142adania ofert:<br>&#8211; drog\u0105 elektroniczn\u0105 na adres e-mail: <a href=\"mailto:cbs.biuro@wp.pl\">cbs.biuro@wp.pl<\/a>, lub<br>&#8211; pisemnie (osobi\u015bcie, za po\u015brednictwem pos\u0142a\u0144ca lub operatora pocztowego w&nbsp;rozumieniu ustawy z dnia 23 listopada 2012r. &#8211; Prawo pocztowe) na adres: Parafia Rzymskokatolicka pw. Naj\u015bwi\u0119tszego Serca Pana Jezusa &#8211; 21-310 Wohy\u0144, Suchowola 27, kancelaria.<\/p>\n\n\n\n<p class=\"has-text-align-left\"><\/p>\n\n\n\n<div class=\"wp-block-file\"><a id=\"wp-block-file--media-0a913179-1b28-4609-9e6e-71f646f91b57\" href=\"https:\/\/parafia-suchowola.pl\/wp-content\/uploads\/2025\/12\/Zapytanie-ofertowe.docx\">Zapytanie ofertowe<\/a><\/div>\n\n\n\n<div class=\"wp-block-file\"><a id=\"wp-block-file--media-42a04a32-76ca-4c5a-a9ce-414d8601609e\" href=\"https:\/\/parafia-suchowola.pl\/wp-content\/uploads\/2025\/12\/Zal-1A-Projekt-Zagospodarowania-Terenu.zip\">Za\u0142 1A &#8211; Projekt Zagospodarowania Terenu<\/a><\/div>\n\n\n\n<div class=\"wp-block-file\"><a id=\"wp-block-file--media-0037b41e-e036-4828-988e-74aad69c554f\" href=\"https:\/\/parafia-suchowola.pl\/wp-content\/uploads\/2025\/12\/Zal-1B-Projekt-Architektoniczno-Budowlany.zip\">Za\u0142 1B &#8211; Projekt Architektoniczno-Budowlany<\/a><\/div>\n\n\n\n<div class=\"wp-block-file\"><a id=\"wp-block-file--media-e50e5ccc-5f02-4d5e-bc34-817a033a2429\" href=\"https:\/\/parafia-suchowola.pl\/wp-content\/uploads\/2025\/12\/Zal-1C-Projekty-Techniczne-Sanitarny-i-Elektryczny.zip\">Za\u0142 1C &#8211; Projekty Techniczne Sanitarny i Elektryczny<\/a><\/div>\n\n\n\n<div class=\"wp-block-file\"><a id=\"wp-block-file--media-c46f3ec4-c115-445d-bad1-925f090ef24f\" href=\"https:\/\/parafia-suchowola.pl\/wp-content\/uploads\/2025\/12\/Zal-2-Przedmiary-robot.zip\">Za\u0142 2 &#8211; Przedmiary rob\u00f3t<\/a><\/div>\n\n\n\n<div class=\"wp-block-file\"><a id=\"wp-block-file--media-cbf7f16a-1d15-4ebd-b085-933aa01a50cf\" href=\"https:\/\/parafia-suchowola.pl\/wp-content\/uploads\/2025\/12\/Zal-3-Formularz-ofertowy.docx\">Za\u0142 3 &#8211; Formularz ofertowy<\/a><\/div>\n\n\n\n<div class=\"wp-block-file\"><a id=\"wp-block-file--media-c960828e-698b-4b6a-ac44-d1bef4c85dab\" href=\"https:\/\/parafia-suchowola.pl\/wp-content\/uploads\/2025\/12\/Zal-4A-Wzor-Oswiadczenia-wykonawcy.docx\">Za\u0142 4A &#8211; Wz\u00f3r O\u015bwiadczenia wykonawcy<\/a><\/div>\n\n\n\n<div class=\"wp-block-file\"><a id=\"wp-block-file--media-4ce56465-3b86-4b16-9179-e1b6b067f702\" href=\"https:\/\/parafia-suchowola.pl\/wp-content\/uploads\/2025\/12\/Zal-4B-Wzor-Oswiadczen-podmiotu-udostepniajacego-zasoby.docx\">Za\u0142 4B &#8211; Wz\u00f3r O\u015bwiadcze\u0144 podmiotu udost\u0119pniaj\u0105cego zasoby<\/a><\/div>\n\n\n\n<div class=\"wp-block-file\"><a id=\"wp-block-file--media-9fdceab2-da6b-4ff5-962c-238e9e3d857f\" href=\"https:\/\/parafia-suchowola.pl\/wp-content\/uploads\/2025\/12\/Zal-5-Wzor-Oswiadczenia-wykonawcow-wspolnie-ubiegajacych-sie-o-udzielenie-zamowienia.docx\">Za\u0142 5 &#8211; Wz\u00f3r O\u015bwiadczenia wykonawc\u00f3w wsp\u00f3lnie ubiegaj\u0105cych si\u0119 o udzielenie zam\u00f3wienia<\/a><\/div>\n\n\n\n<div class=\"wp-block-file\"><a id=\"wp-block-file--media-1d3bd83a-4633-426d-b258-32516ac471ff\" href=\"https:\/\/parafia-suchowola.pl\/wp-content\/uploads\/2025\/12\/Zal-6-Wzor-Wykazu-robot-budowlanych.docx\">Za\u0142 6 &#8211; Wz\u00f3r Wykazu rob\u00f3t budowlanych<\/a><\/div>\n\n\n\n<div class=\"wp-block-file\"><a id=\"wp-block-file--media-4e00e07c-2678-4ae2-a787-3ca2e482988a\" href=\"https:\/\/parafia-suchowola.pl\/wp-content\/uploads\/2025\/12\/Zal-7-Wzor-umowy.docx\">Za\u0142 7 &#8211; Wz\u00f3r umowy<\/a><\/div>\n\n\n\n<hr class=\"wp-block-separator has-alpha-channel-opacity is-style-wide\"\/>\n\n\n\n<p class=\"has-medium-font-size\"><strong>Zmiana Zapytania ofertowego<\/strong><\/p>\n\n\n\n<p class=\"has-black-color has-text-color has-link-color wp-elements-ac0dce4956a3b9700df0602395160d2e\">DOTYCZY: post\u0119powania na <strong>wykonanie termomodernizacji dw\u00f3ch budynk\u00f3w Parafii Rzymskokatolickiej pw. Naj\u015bwi\u0119tszego Serca Pana Jezusa z siedzib\u0105 w Suchowoli w ramach przedsi\u0119wzi\u0119cia pn: \u201eTermomodernizacja ko\u015bcio\u0142a i domu parafialnego pw. Naj\u015bwi\u0119tszego Serca Pana Jezusa w Suchowoli\u201d.<\/strong><br>Parafia Rzymskokatolicka pw. Naj\u015bwi\u0119tszego Serca Pana Jezusa &#8211; 21-310 Wohy\u0144, Suchowola 27 informuje, \u017ce Zamawiaj\u0105cy dzia\u0142aj\u0105c na podstawie pkt 2.4. Zapytania ofertowego dokonuje zmiany:<br>&#8211; pkt 5.1.2.2 Zapytania ofertowego, kt\u00f3ry otrzymuje brzmienie:<br>\u201e5.1.2.2. wykonanie z nale\u017cyt\u0105 staranno\u015bci\u0105 nie wcze\u015bniej ni\u017c w okresie ostatnich 5 lat licz\u0105c wstecz od dnia, w kt\u00f3rym up\u0142ywa termin sk\u0142adania ofert, a je\u017celi okres prowadzenia dzia\u0142alno\u015bci jest kr\u00f3tszy \u2013 w tym okresie co najmniej jednego zam\u00f3wienia w obiekcie zabytkowym wpisanym do rejestru zabytk\u00f3w, o kt\u00f3rym mowa w art. 8 ustawy o ochronie zabytk\u00f3w i opiece nad zabytkami (tj. Dz. U. z 2014 r., poz. 1446 z p\u00f3\u017an.zm.) obejmuj\u0105cego monta\u017c pompy ciep\u0142a o \u0142\u0105cznej mocy 30 kW (pompa pojedyncza lub uk\u0142ad kaskadowy)\u201d;<br>&#8211; pkt 9.1 Zapytania ofertowego, kt\u00f3ry otrzymuje brzmienie:<br>\u201e<a>9.1<\/a>. Oferty nale\u017cy z\u0142o\u017cy\u0107 w terminie do dnia 29.12.2025r.\u201d<br>Jednocze\u015bnie Og\u0142oszenie w zakresie terminu sk\u0142adania ofert otrzymuje brzmienie: \u201eTermin sk\u0142adania ofert up\u0142ywa dnia 29.12.2025r.\u201d<\/p>\n\n\n\n<p>Suchowola, 16.12.2025 r.<\/p>\n\n\n\n<hr class=\"wp-block-separator has-alpha-channel-opacity is-style-wide\"\/>\n\n\n\n<p class=\"has-text-align-center has-medium-font-size\"><strong>Zmiana Zapytania ofertowego<\/strong><\/p>\n\n\n\n<p>DOTYCZY: post\u0119powania na <strong>wykonanie termomodernizacji dw\u00f3ch budynk\u00f3w Parafii Rzymskokatolickiej pw. Naj\u015bwi\u0119tszego Serca Pana Jezusa z siedzib\u0105 w Suchowoli w ramach przedsi\u0119wzi\u0119cia pn: \u201eTermomodernizacja ko\u015bcio\u0142a i domu parafialnego pw. Naj\u015bwi\u0119tszego Serca Pana Jezusa w Suchowoli\u201d.<\/strong><\/p>\n\n\n\n<p class=\"has-black-color has-text-color has-link-color wp-elements-404690fe6bb0cb18ef1382f6ef8bffe3\">Parafia Rzymskokatolicka pw. Naj\u015bwi\u0119tszego Serca Pana Jezusa &#8211; 21-310 Wohy\u0144, Suchowola 27 informuje, \u017ce Zamawiaj\u0105cy dzia\u0142aj\u0105c na podstawie pkt 2.4. Zapytania ofertowego dokonuje zmiany:<br>&#8211; pkt 3.3. Zapytania ofertowego, kt\u00f3ry otrzymuje brzmienie:<br>\u201e3.3. Przedmiot zam\u00f3wienia opisuj\u0105:<br>3.3.1. Projekt Zagospodarowania Terenu &#8211; stanowi\u0105cy za\u0142\u0105cznik nr 1A do niniejszego Zapytania ofertowego.<br>3.3.2. Projekt Architektoniczno-Budowlany &#8211; stanowi\u0105cy za\u0142\u0105cznik nr 1B do niniejszego Zapytania ofertowego.<br>3.3.3. Projekty Techniczne: Sanitarny i Elektryczny &#8211; stanowi\u0105cy za\u0142\u0105cznik nr 1C do niniejszego Zapytania ofertowego.<br>3.3.4. Decyzja nr 321.2025 Starosty Radzy\u0144skiego &#8211; stanowi\u0105ca za\u0142\u0105cznik nr 1D do niniejszego Zapytania ofertowego.<br>3.3.5. Decyzja nr BP-I.5142.27.2.2024.AS1 Lubelskiego Wojew\u00f3dzkiego Konserwatora Zabytk\u00f3w &#8211; stanowi\u0105ca za\u0142\u0105cznik nr 1E do niniejszego Zapytania ofertowego.;<br>&#8211; pkt 9.1 Zapytania ofertowego, kt\u00f3ry otrzymuje brzmienie:<br>\u201e<a>9.1<\/a>. Oferty nale\u017cy z\u0142o\u017cy\u0107 w terminie do dnia 31.12.2025r.\u201d<br>&#8211; Wzoru umowy stanowi\u0105cego za\u0142\u0105cznik nr 7 do Zapytania ofertowego w zakresie O\u015bwiadcze\u0144 Zamawiaj\u0105cego we wst\u0119pnej cz\u0119\u015bci umowy, kt\u00f3re w ust. 1 otrzymuj\u0105 brzmienie:<br>\u201e1. Zamawiaj\u0105cy o\u015bwiadcza, \u017ce posiada Projekt Zagospodarowania Terenu, Projekt Architektoniczno-Budowlany, Projekty Techniczne: Sanitarny i Elektryczny oraz Decyzj\u0119 nr 321.2025 Starosty Radzy\u0144skiego i Decyzj\u0119 nr BP-I.5142.27.2.2024.AS1 Lubelskiego Wojew\u00f3dzkiego Konserwatora Zabytk\u00f3w.\u201d<br>Jednocze\u015bnie Og\u0142oszenie w zakresie terminu sk\u0142adania ofert otrzymuje brzmienie: \u201eTermin sk\u0142adania ofert up\u0142ywa dnia 31.12.2025r.\u201d<\/p>\n\n\n\n<p class=\"has-small-font-size\">W za\u0142\u0105czeniu:<\/p>\n\n\n\n<ol class=\"wp-block-list\">\n<li class=\"has-small-font-size\">Decyzja nr 321.2025 Starosty Radzy\u0144skiego &#8211; za\u0142\u0105cznik nr 1D do Zapytania ofertowego<\/li>\n\n\n\n<li class=\"has-small-font-size\">Decyzja nr BP-I.5142.27.2.2024.AS1 LWKZ &#8211; za\u0142\u0105cznik nr 1E do Zapytania ofertowego<\/li>\n<\/ol>\n\n\n\n<p>Suchowola, 23.12.2025 r.<\/p>\n\n\n\n<div class=\"wp-block-file\"><a id=\"wp-block-file--media-5f9b28a1-f48f-49b3-b4d3-757537390dae\" href=\"https:\/\/parafia-suchowola.pl\/wp-content\/uploads\/2025\/12\/Zal-1D-Decyzja-nr-321.2025-Starosty-Radzynskiego.pdf\">Za\u0142 1D &#8211; Decyzja nr 321.2025 Starosty Radzy\u0144skiego<\/a><\/div>\n\n\n\n<div class=\"wp-block-file\"><a id=\"wp-block-file--media-3efc81af-6093-400e-b364-e512749e3433\" href=\"https:\/\/parafia-suchowola.pl\/wp-content\/uploads\/2025\/12\/Zal-1E-Decyzja-nr-BP-I.5142.27.2.2024.AS1-LWKZ.pdf\">Za\u0142 1E &#8211; Decyzja nr BP-I.5142.27.2.2024.AS1 LWKZ<\/a><\/div>\n\n\n\n<hr class=\"wp-block-separator has-alpha-channel-opacity is-style-wide\"\/>\n\n\n\n<p class=\"has-text-align-center\"><strong>INFORMACJA O WYNIKU POST\u0118POWANIA<\/strong><\/p>\n\n\n\n<p><strong>DOTYCZY: post\u0119powania na wykonanie termomodernizacji dw\u00f3ch budynk\u00f3w Parafii Rzymskokatolickiej pw. Naj\u015bwi\u0119tszego Serca Pana Jezusa z siedzib\u0105 w Suchowoli w ramach przedsi\u0119wzi\u0119cia pn: \u201eTermomodernizacja ko\u015bcio\u0142a i domu parafialnego pw. Naj\u015bwi\u0119tszego Serca Pana Jezusa w&nbsp;Suchowoli\u201d.<\/strong><\/p>\n\n\n\n<p>\u00a0\u00a0\u00a0\u00a0\u00a0\u00a0\u00a0\u00a0\u00a0 Parafia Rzymskokatolicka pw. Naj\u015bwi\u0119tszego Serca Pana Jezusa &#8211; 21-310 Wohy\u0144, Suchowola 27 informuje, \u017ce w\u00a0post\u0119powaniu, jako najkorzystniejsza wybrana zosta\u0142a oferta z\u0142o\u017cona przez wykonawc\u00f3w wsp\u00f3lnie ubiegaj\u0105cych si\u0119 o udzielenie zam\u00f3wienia: Dawid Cholewa, Julia Cholewa prowadz\u0105cy dzia\u0142alno\u015b\u0107 gospodarcz\u0105 pod nazw\u0105 Technika Grzewcza i Sanitarna &#8222;Cholewa i\u00a0S-ka&#8221; &#8211; 24-130 Ko\u0144skowola, ul. Lubelska 159 oraz AC GROUP Sp.\u00a0z\u00a0o.o. &#8211; 00-682 Warszawa, ul. Ho\u017ca 86\/410. Cena oferty \u2013 3\u00a0760\u00a0000,00 z\u0142. <br><br>Suchowola, 19.01.2026 r.\u00a0\u00a0\u00a0\u00a0<\/p>\n\n\n\n<p><\/p>\n","protected":false},"excerpt":{"rendered":"<p>Suchowola, 08.12.2025 r. Parafia Rzymskokatolicka pw. Naj\u015bwi\u0119tszego Serca Pana Jezusa 21-310 Wohy\u0144, Suchowola 27 og\u0142asza post\u0119powanie na wykonanie termomodernizacji dw\u00f3ch budynk\u00f3w Parafii Rzymskokatolickiej pw. Naj\u015bwi\u0119tszego Serca Pana Jezusa z&nbsp;siedzib\u0105 w Suchowoli w ramach przedsi\u0119wzi\u0119cia pn: \u201eTermomodernizacja ko\u015bcio\u0142a i domu parafialnego &hellip; <a href=\"https:\/\/parafia-suchowola.pl\/index.php\/ogloszenie-nr-10\/\">Czytaj dalej <span class=\"meta-nav\">&rarr;<\/span><\/a><\/p>\n","protected":false},"author":1,"featured_media":0,"parent":0,"menu_order":0,"comment_status":"closed","ping_status":"closed","template":"","meta":{"footnotes":""},"class_list":["post-1808","page","type-page","status-publish","hentry"],"_links":{"self":[{"href":"https:\/\/parafia-suchowola.pl\/index.php\/wp-json\/wp\/v2\/pages\/1808","targetHints":{"allow":["GET"]}}],"collection":[{"href":"https:\/\/parafia-suchowola.pl\/index.php\/wp-json\/wp\/v2\/pages"}],"about":[{"href":"https:\/\/parafia-suchowola.pl\/index.php\/wp-json\/wp\/v2\/types\/page"}],"author":[{"embeddable":true,"href":"https:\/\/parafia-suchowola.pl\/index.php\/wp-json\/wp\/v2\/users\/1"}],"replies":[{"embeddable":true,"href":"https:\/\/parafia-suchowola.pl\/index.php\/wp-json\/wp\/v2\/comments?post=1808"}],"version-history":[{"count":11,"href":"https:\/\/parafia-suchowola.pl\/index.php\/wp-json\/wp\/v2\/pages\/1808\/revisions"}],"predecessor-version":[{"id":1867,"href":"https:\/\/parafia-suchowola.pl\/index.php\/wp-json\/wp\/v2\/pages\/1808\/revisions\/1867"}],"wp:attachment":[{"href":"https:\/\/parafia-suchowola.pl\/index.php\/wp-json\/wp\/v2\/media?parent=1808"}],"curies":[{"name":"wp","href":"https:\/\/api.w.org\/{rel}","templated":true}]}}