{"id":347,"date":"2020-07-28T21:04:27","date_gmt":"2020-07-28T19:04:27","guid":{"rendered":"https:\/\/parafia-suchowola.pl\/?page_id=347"},"modified":"2025-03-27T19:20:21","modified_gmt":"2025-03-27T19:20:21","slug":"ogloszenie-nr-2-wykonanie-ekspertyzy-technicznej","status":"publish","type":"page","link":"https:\/\/parafia-suchowola.pl\/index.php\/ogloszenie-nr-2-wykonanie-ekspertyzy-technicznej\/","title":{"rendered":"Og\u0142oszenie nr 2"},"content":{"rendered":"\n<p>24.04.2019r.<\/p>\n\n\n\n<p>Parafia Rzymskokatolicka pw. Naj\u015bwi\u0119tszego Serca Pana Jezusa w Suchowoli, informuje, i\u017c najkorzystniejsz\u0105 ofert\u0119 na wykonanie dw\u00f3ch ekspertyz technicznych dla budynku ko\u015bcio\u0142a i&nbsp;budynku domu parafialnego w Parafii pw. Naj\u015bwi\u0119tszego Serca Pana Jezusa w Suchowoli, w&nbsp;celu z\u0142o\u017cenia wniosku o&nbsp;dofinansowanie projektu pod tytu\u0142em: \u201eTermomodernizacja ko\u015bcio\u0142a i domu parafialnego w Parafii pw. Naj\u015bwi\u0119tszego Serca Pana Jezusa w Suchowoli\u201d z\u0142o\u017cy\u0142 nast\u0119puj\u0105cy wykonawca: <strong>PROBATUS Sp.&nbsp;z&nbsp;o.o. Sp. K. ul. Przemys\u0142owa 46, 24-320 Poniatowa.<\/strong><\/p>\n\n\n\n<p>12.04.2019 r.<\/p>\n\n\n\n<p>Parafia Rzymskokatolicka pw. Naj\u015bwi\u0119tszego Serca Pana Jezusa, Suchowola 27, 21-310 Wohy\u0144 zaprasza do z\u0142o\u017cenia ofert na wykonanie dw\u00f3ch ekspertyz technicznych dla budynku ko\u015bcio\u0142a i&nbsp;budynku domu parafialnego w Parafii pw. Naj\u015bwi\u0119tszego Serca Pana Jezusa w Suchowoli, w celu z\u0142o\u017cenia wniosku o&nbsp;dofinansowanie projektu pod tytu\u0142em: \u201eTermomodernizacja ko\u015bcio\u0142a i domu parafialnego w Parafii pw. Naj\u015bwi\u0119tszego Serca Pana Jezusa w Suchowoli\u201d ze \u015brodk\u00f3w Narodowego Funduszu Ochrony \u015arodowiska i&nbsp;Gospodarki Wodnej (NFO\u015aiGW).<\/p>\n\n\n\n<div class=\"wp-block-buttons is-layout-flex wp-block-buttons-is-layout-flex\">\n<div class=\"wp-block-button is-style-outline is-style-outline--1\"><a class=\"wp-block-button__link wp-element-button\" href=\"https:\/\/parafia-suchowola.pl\/wp-content\/uploads\/2025\/03\/Eksperyza-techniczna-zapytanie-ofertowe.tif\">Ekspertyza techniczna &#8211; zapytanie ofertowe<\/a><\/div>\n<\/div>\n\n\n\n<p><\/p>\n","protected":false},"excerpt":{"rendered":"<p>24.04.2019r. Parafia Rzymskokatolicka pw. Naj\u015bwi\u0119tszego Serca Pana Jezusa w Suchowoli, informuje, i\u017c najkorzystniejsz\u0105 ofert\u0119 na wykonanie dw\u00f3ch ekspertyz technicznych dla budynku ko\u015bcio\u0142a i&nbsp;budynku domu parafialnego w Parafii pw. Naj\u015bwi\u0119tszego Serca Pana Jezusa w Suchowoli, w&nbsp;celu z\u0142o\u017cenia wniosku o&nbsp;dofinansowanie projektu pod &hellip; <a href=\"https:\/\/parafia-suchowola.pl\/index.php\/ogloszenie-nr-2-wykonanie-ekspertyzy-technicznej\/\">Czytaj dalej <span class=\"meta-nav\">&rarr;<\/span><\/a><\/p>\n","protected":false},"author":2,"featured_media":0,"parent":0,"menu_order":0,"comment_status":"closed","ping_status":"closed","template":"","meta":{"footnotes":""},"class_list":["post-347","page","type-page","status-publish","hentry"],"_links":{"self":[{"href":"https:\/\/parafia-suchowola.pl\/index.php\/wp-json\/wp\/v2\/pages\/347","targetHints":{"allow":["GET"]}}],"collection":[{"href":"https:\/\/parafia-suchowola.pl\/index.php\/wp-json\/wp\/v2\/pages"}],"about":[{"href":"https:\/\/parafia-suchowola.pl\/index.php\/wp-json\/wp\/v2\/types\/page"}],"author":[{"embeddable":true,"href":"https:\/\/parafia-suchowola.pl\/index.php\/wp-json\/wp\/v2\/users\/2"}],"replies":[{"embeddable":true,"href":"https:\/\/parafia-suchowola.pl\/index.php\/wp-json\/wp\/v2\/comments?post=347"}],"version-history":[{"count":1,"href":"https:\/\/parafia-suchowola.pl\/index.php\/wp-json\/wp\/v2\/pages\/347\/revisions"}],"predecessor-version":[{"id":1604,"href":"https:\/\/parafia-suchowola.pl\/index.php\/wp-json\/wp\/v2\/pages\/347\/revisions\/1604"}],"wp:attachment":[{"href":"https:\/\/parafia-suchowola.pl\/index.php\/wp-json\/wp\/v2\/media?parent=347"}],"curies":[{"name":"wp","href":"https:\/\/api.w.org\/{rel}","templated":true}]}}