{"id":359,"date":"2020-07-29T13:16:42","date_gmt":"2020-07-29T11:16:42","guid":{"rendered":"https:\/\/parafia-suchowola.pl\/?page_id=359"},"modified":"2025-03-28T08:01:09","modified_gmt":"2025-03-28T08:01:09","slug":"ogloszenie-nr-3","status":"publish","type":"page","link":"https:\/\/parafia-suchowola.pl\/index.php\/ogloszenie-nr-3\/","title":{"rendered":"Og\u0142oszenie nr 3"},"content":{"rendered":"\n<p>29.07.2020r.<\/p>\n\n\n\n<p>Parafia Rzymskokatolicka pw. Naj\u015bwi\u0119tszego Serca Pana Jezusa, Suchowola 27, 21-310 Wohy\u0144, og\u0142asza konkurs na opracowanie dw\u00f3ch opinii ornitologicznych i&nbsp;chiropterologicznych dla budynk\u00f3w: ko\u015bcio\u0142a i domu parafialnego Parafii pw. Naj\u015bwi\u0119tszego Serca Pana Jezusa w Suchowoli dotycz\u0105cych projektu: \u201eTermomodernizacja ko\u015bcio\u0142a i domu parafialnego pw. Naj\u015bwi\u0119tszego Serca Pana Jezusa w&nbsp;Suchowoli\u201d planowanego do realizacji przy wsparciu NFO\u015aIGW w &nbsp;Warszawie w&nbsp; ramach programu priorytetowego \u201eBudownictwo energooszcz\u0119dne. Cz\u0119\u015b\u0107 1) Zmniejszenie zu\u017cycia energii w&nbsp;budownictwie\u201d.<\/p>\n\n\n\n<div class=\"wp-block-file\"><a id=\"wp-block-file--media-edd064a8-2083-431d-be12-668963934a34\" href=\"https:\/\/parafia-suchowola.pl\/wp-content\/uploads\/2025\/03\/Zapytanie-ofertowe.pdf\">Zapytanie-ofertowe<\/a><\/div>\n\n\n\n<div class=\"wp-block-file\"><a id=\"wp-block-file--media-ef52817f-9ba4-475c-97dc-885000f167fb\" href=\"https:\/\/parafia-suchowola.pl\/wp-content\/uploads\/2025\/03\/Zalacznik-nr-1-do-Zapytania-ofertowego-Formularz-Oferty.pdf\">Za\u0142\u0105cznik-nr-1-do-Zapytania-ofertowego-Formularz-Oferty<\/a><\/div>\n\n\n\n<div class=\"wp-block-file\"><a id=\"wp-block-file--media-af3ee759-0d53-48a5-837c-bd1bb5d8a35e\" href=\"https:\/\/parafia-suchowola.pl\/wp-content\/uploads\/2025\/03\/Zalacznik-nr-1-do-Zapytania-ofertowego-Formularz-Oferty_edytowalny.rtf\">Za\u0142\u0105cznik-nr-1-do-Zapytania-ofertowego-Formularz-Oferty_edytowalny<\/a><\/div>\n\n\n\n<p><strong>Informacja o wyniku post\u0119powania<\/strong><\/p>\n\n\n\n<p>10.08.2020<\/p>\n\n\n\n<p>Parafia Rzymskokatolicka pw. Naj\u015bwi\u0119tszego Serca Pana Jezusa, Suchowola 27, 21-310 Wohy\u0144, i\u017c post\u0119powanie na opracowanie dw\u00f3ch opinii ornitologicznych i&nbsp;chiropterologicznych dla budynk\u00f3w: ko\u015bcio\u0142a i domu parafialnego Parafii pw. Naj\u015bwi\u0119tszego Serca Pana Jezusa w Suchowoli dotycz\u0105cych projektu: \u201eTermomodernizacja ko\u015bcio\u0142a i domu parafialnego pw. Naj\u015bwi\u0119tszego Serca Pana Jezusa w&nbsp;Suchowoli\u201d planowanego do realizacji przy wsparciu NFO\u015aIGW w &nbsp;Warszawie w&nbsp;ramach programu priorytetowego \u201eBudownictwo energooszcz\u0119dne. Cz\u0119\u015b\u0107 1) Zmniejszenie zu\u017cycia energii w&nbsp;budownictwie\u201d zostaje <strong>uniewa\u017cnione<\/strong> z powodu braku ofert.<\/p>\n","protected":false},"excerpt":{"rendered":"<p>29.07.2020r. Parafia Rzymskokatolicka pw. Naj\u015bwi\u0119tszego Serca Pana Jezusa, Suchowola 27, 21-310 Wohy\u0144, og\u0142asza konkurs na opracowanie dw\u00f3ch opinii ornitologicznych i&nbsp;chiropterologicznych dla budynk\u00f3w: ko\u015bcio\u0142a i domu parafialnego Parafii pw. Naj\u015bwi\u0119tszego Serca Pana Jezusa w Suchowoli dotycz\u0105cych projektu: \u201eTermomodernizacja ko\u015bcio\u0142a i domu &hellip; <a href=\"https:\/\/parafia-suchowola.pl\/index.php\/ogloszenie-nr-3\/\">Czytaj dalej <span class=\"meta-nav\">&rarr;<\/span><\/a><\/p>\n","protected":false},"author":2,"featured_media":0,"parent":0,"menu_order":0,"comment_status":"closed","ping_status":"closed","template":"","meta":{"footnotes":""},"class_list":["post-359","page","type-page","status-publish","hentry"],"_links":{"self":[{"href":"https:\/\/parafia-suchowola.pl\/index.php\/wp-json\/wp\/v2\/pages\/359","targetHints":{"allow":["GET"]}}],"collection":[{"href":"https:\/\/parafia-suchowola.pl\/index.php\/wp-json\/wp\/v2\/pages"}],"about":[{"href":"https:\/\/parafia-suchowola.pl\/index.php\/wp-json\/wp\/v2\/types\/page"}],"author":[{"embeddable":true,"href":"https:\/\/parafia-suchowola.pl\/index.php\/wp-json\/wp\/v2\/users\/2"}],"replies":[{"embeddable":true,"href":"https:\/\/parafia-suchowola.pl\/index.php\/wp-json\/wp\/v2\/comments?post=359"}],"version-history":[{"count":2,"href":"https:\/\/parafia-suchowola.pl\/index.php\/wp-json\/wp\/v2\/pages\/359\/revisions"}],"predecessor-version":[{"id":1617,"href":"https:\/\/parafia-suchowola.pl\/index.php\/wp-json\/wp\/v2\/pages\/359\/revisions\/1617"}],"wp:attachment":[{"href":"https:\/\/parafia-suchowola.pl\/index.php\/wp-json\/wp\/v2\/media?parent=359"}],"curies":[{"name":"wp","href":"https:\/\/api.w.org\/{rel}","templated":true}]}}